{"id":43,"date":"2021-02-17T21:42:23","date_gmt":"2021-02-17T21:42:23","guid":{"rendered":"http:\/\/vargaservi.dominiotemporario.com\/?page_id=43"},"modified":"2021-04-08T12:36:26","modified_gmt":"2021-04-08T12:36:26","slug":"mesmerize","status":"publish","type":"page","link":"http:\/\/vargaservicos.com.br\/","title":{"rendered":"Front Page"},"content":{"rendered":"<div id=\"overlappable-4\" class=\"overlappable-4 content-section content-section-spacing\" style=\"background-color: #ffffff; background-image: none;\" data-label=\"Overlappable\" data-id=\"overlappable-4\" data-export-id=\"overlappable-4\" data-category=\"overlappable\" data-overlap=\"true\">\n<div class=\"gridContainer\">\n<div class=\"row spaced-cols text-center content-center-sm\" data-type=\"row\">\n<div class=\"col-xs-12 col-sm-4 col-padding\">\n<div class=\"\" data-type=\"column\"><\/div>\n<\/div>\n<\/div>\n<\/div>\n<\/div>\n<div id=\"about-1\" class=\"about-1 content-section\" style=\"background-color: #ffffff; background-image: none;\" data-label=\"About\" data-id=\"about-1\" data-export-id=\"about-1\" data-category=\"about\">\n<div class=\"gridContainer\">\n<div class=\"row text-center\">\n<div class=\"section-title-col\" data-type=\"column\">\n<h2 class=\"\">A manuten\u00e7\u00e3o preventiva \u00e9 aquela realizada periodicamente, para corrigir falhas e prevenir problemas com seus equipamentos, antes que eles aconte\u00e7am. Quando ela n\u00e3o \u00e9 feita dentro do prazo, as chances de ocorrer uma manuten\u00e7\u00e3o corretiva aumenta, o que consequentemente, acaba gerando um custo maior e muitas vezes em um momento inoportuno!<\/h2>\n<p class=\"lead\">Quando alguma coisa deixa de funcionar, com a manuten\u00e7\u00e3o corretiva, voc\u00ea tamb\u00e9m sai perdendo em produtividade. Al\u00e9m do valor do conserto ser mais alto, dependendo do problema causado, seu equipamento pode ficar parado durante dias, aguardando pe\u00e7as que precisam ser trocada e ou reparadas.\nNeste per\u00edodo, caso voc\u00ea n\u00e3o possa ficar sem a m\u00e1quina, ainda ter\u00e1 que pagar o aluguel de um equipamento reserva, para que sua opera\u00e7\u00e3o continue rodando da mesma forma.\nA manuten\u00e7\u00e3o preventiva ainda traz outras vantagens, como a garantia de disponibilidade e a prote\u00e7\u00e3o contra a desvaloriza\u00e7\u00e3o do equipamento, al\u00e9m da redu\u00e7\u00e3o de custos e do aumento na seguran\u00e7a.<\/p>\n\n\n<\/div>\n<\/div>\n<div class=\"row\">\n<div class=\"col-xs bottom-xs flexbox image-group-bottom-3-img space-bottom-xs center-xs\"><img class=\"left-img shadow-large-black\" title=\"cropped-WhatsApp-Image-2021-02-17-at-11.08.10-2.jpeg\" src=\"http:\/\/vargaservi.dominiotemporario.com\/wp-content\/uploads\/2021\/02\/cropped-WhatsApp-Image-2021-02-17-at-11.08.10-2.jpeg\" alt=\"\" data-size=\"500x300\" \/> <img class=\"center-img shadow-large-black\" title=\"cropped-WhatsApp-Image-2021-02-17-at-11.08.23-1.jpeg\" src=\"http:\/\/vargaservi.dominiotemporario.com\/wp-content\/uploads\/2021\/02\/cropped-WhatsApp-Image-2021-02-17-at-11.08.23-1.jpeg\" alt=\"\" data-size=\"500x300\" \/> <img class=\"right-img shadow-large-black\" title=\"cropped-WhatsApp-Image-2021-02-17-at-11.07.47-1.jpeg\" src=\"http:\/\/vargaservi.dominiotemporario.com\/wp-content\/uploads\/2021\/02\/cropped-WhatsApp-Image-2021-02-17-at-11.07.47-1.jpeg\" alt=\"\" data-size=\"500x300\" \/><\/div>\n<\/div>\n<\/div>\n<\/div>\n<div id=\"features-3\" class=\"features-12-card-bordered content-section content-section-spacing \" style=\"background-color: #ffffff;\" data-label=\"Features\" data-id=\"features-12-card-bordered\" data-export-id=\"features-12-card-bordered\" data-category=\"features\">\n<div class=\"gridContainer\">\n<div class=\"row text-center\">\n<div class=\"section-title-col\" data-type=\"column\">\n<p class=\"lead\">Algumas compara\u00e7\u00f5es entre manuten\u00e7\u00e3o preventiva e corretiva:<\/p>\n\n<\/div>\n<\/div>\n<div class=\"row spaced-cols\" data-type=\"row\">\n<div class=\"col-sm-6\">\n<div class=\"card row-card bordered y-move\">\n<div class=\"row\">\n<div class=\"col-sm-fit icon-column\"><\/div>\n<div class=\"col-sm\" data-type=\"column\">\n<h5 class=\"color2\">CONSUMO DE TEMPO<\/h5>\n<p class=\"\">Na Manuten\u00e7\u00e3o Preventiva, o consumo de tempo \u00e9 extremamente relevante, pois voc\u00ea pode executar a preven\u00e7\u00e3o nas horas em que a m\u00e1quina est\u00e1 parada, antes que ocorra o problema.<\/p>\n\n<\/div>\n<\/div>\n<\/div>\n<\/div>\n<div class=\"col-sm-6\">\n<div class=\"card row-card bordered y-move\">\n<div class=\"row\">\n<div class=\"col-sm-fit icon-column\"><\/div>\n<div class=\"col-sm\" data-type=\"column\">\n<h5 class=\"color2\">CONSUMO DE DINHEIRO<\/h5>\n<p class=\"\">Na Manuten\u00e7\u00e3o Corretiva, corrigimos o problema constatado e por vezes a m\u00e1quina ficar\u00e1 impedida de trabalhar, para que seja feita a manuten\u00e7\u00e3o. O que resulta em um gasto muito maior em seu or\u00e7amento.<\/p>\n\n<\/div>\n<\/div>\n<\/div>\n<\/div>\n<div class=\"col-sm-6\">\n<div class=\"card row-card bordered y-move\">\n<div class=\"row\">\n<div class=\"col-sm-fit icon-column\"><\/div>\n<div class=\"col-sm\" data-type=\"column\">\n<h5 class=\"color2\">MENOR CUSTO FINANCEIRO E DISPONIBILIDADE<\/h5>\n<p class=\"\">O investimento \u00e9 menor, uma vez que os reparos s\u00e3o preventivos, o que resulta tamb\u00e9m em uma disponibilidade maior de equipamentos.<\/p>\n\n<\/div>\n<\/div>\n<\/div>\n<\/div>\n<div class=\"col-sm-6\">\n<div class=\"card row-card bordered y-move\">\n<div class=\"row\">\n<div class=\"col-sm-fit icon-column\"><\/div>\n<div class=\"col-sm\" data-type=\"column\">\n<h5 class=\"color2\">MAIOR CUSTO E MAIOR TEMPO DE REPARO<\/h5>\n<p class=\"\">O tempo de reparo \u00e9 muito maior para corrigir o\/os problemas, o que pode na maioria das vezes elevar os custos da Manuten\u00e7\u00e3o.<\/p>\n\n<\/div>\n<\/div>\n<\/div>\n<\/div>\n<\/div>\n<\/div>\n<\/div>\n<div id=\"content-13\" class=\"content-2 content-section content-section-spacing\" style=\"background-color: #ffffff; background-image: none;\" data-label=\"Content\" data-id=\"content-2\" data-export-id=\"content-2\" data-category=\"content\">\n<div>\n<div class=\"row middle-xs\">\n<div class=\"col-sm-5 bg-image shadow-large-black\" style=\"background-image: url('http:\/\/vargaservi.dominiotemporario.com\/wp-content\/uploads\/2021\/02\/cropped-WhatsApp-Image-2021-02-17-at-11.07.48-1.jpeg');\" data-bg=\"image\"><\/div>\n<div class=\"col-sm-7 full-col-left-padding full-col-right-padding\">\n<div class=\"row\">\n<div class=\"space-bottom-small content-title-col\" data-type=\"column\">\n<h2 class=\"\">O segredo do Sucesso<\/h2>\n<p class=\"\">A uni\u00e3o de dois profissionais atuantes h\u00e1 mais de d\u00e9cadas nesse mercado;\nO cuidado com os profissionais envolvidos;\nA qualidade na entrega;\nA agilidade em seus servi\u00e7os.\nEsses s\u00e3o alguns dos detalhes que trazem a solidez da marca para o mercado.<\/p>\n\n<\/div>\n<\/div>\n<div class=\"row spaced-cols \" data-type=\"row\">\n<div class=\"col-xs-6\" data-type=\"column\">\n<h5 class=\"\">\u00c1REA<\/h5>\n<p class=\"\">A Varga&amp;Varga conta com um amplo espa\u00e7o de 1200 m\u00b2.<\/p>\n\n<\/div>\n<div class=\"col-xs-6\" data-type=\"column\">\n<h5 class=\"\">ATENDIMENTO<\/h5>\n<p class=\"\">Oferecemos atendimento diferenciado e personalizado.<\/p>\n\n<\/div>\n<div class=\"col-xs-6\" data-type=\"column\">\n<h5 class=\"\">FACILIDADES<\/h5>\n<p class=\"\">\u00c1rea dedicada ao recondicionamento de componentes e reformas dos equipamentos.<\/p>\n\n<\/div>\n<div class=\"col-xs-6\" data-type=\"column\">\n<h5 class=\"\">QUALIDADE<\/h5>\n<p class=\"\">Como um de nossos pilares, a qualidade \u00e9 fato predominante e essencial em nossos servi\u00e7os.<\/p>\n\n<\/div>\n<\/div>\n<\/div>\n<\/div>\n<\/div>\n<\/div>\n<div id=\"portfolio-3\" class=\"portfolio-4 content-section content-section-spacing-top\" style=\"background-color: #f5fafd;\" data-label=\"Portfolio\" data-id=\"portfolio-4\" data-export-id=\"portfolio-4\" data-category=\"portfolio\">\n<div class=\"\">\n<div class=\"row text-center\">\n<div class=\"section-title-col\" data-type=\"column\">\n<h2 class=\"\">Galeria<\/h2>\n<\/div>\n<\/div>\n<div class=\"row\" data-type=\"row\" data-fixed=\"true\">\n<div class=\"col-xs-12 col-sm-3 no-gutter-col\">\n<div class=\"contentswap-effect\" data-hover-fx=\"portfolio-4\">\n<div class=\"initial-image\"><img src=\"http:\/\/vargaservi.dominiotemporario.com\/wp-content\/uploads\/2021\/02\/cropped-WhatsApp-Image-2021-02-17-at-11.08.20-2.jpeg\" data-size=\"542x360\" \/><\/div>\n<div class=\"overlay bg-color1\"><\/div>\n<div class=\"swap-inner col-xs-12\">\n<div class=\"row full-height-row middle-xs middle-sm\">\n<div class=\"col-xs-12 text-center content-holder\"><\/div>\n<\/div>\n<\/div>\n<\/div>\n<\/div>\n<div class=\"col-xs-12 col-sm-3 no-gutter-col\">\n<div class=\"contentswap-effect\" data-hover-fx=\"portfolio-4\">\n<div class=\"initial-image\"><img src=\"http:\/\/vargaservi.dominiotemporario.com\/wp-content\/uploads\/2021\/02\/cropped-WhatsApp-Image-2021-02-17-at-11.07.47-2.jpeg\" data-size=\"542x360\" \/><\/div>\n<div class=\"overlay bg-color1\"><\/div>\n<div class=\"swap-inner col-xs-12\">\n<div class=\"row full-height-row middle-xs middle-sm\">\n<div class=\"col-xs-12 text-center content-holder\"><\/div>\n<\/div>\n<\/div>\n<\/div>\n<\/div>\n<div class=\"col-xs-12 col-sm-3 no-gutter-col\">\n<div class=\"contentswap-effect\" data-hover-fx=\"portfolio-4\">\n<div class=\"initial-image\"><img src=\"http:\/\/vargaservi.dominiotemporario.com\/wp-content\/uploads\/2021\/02\/cropped-WhatsApp-Image-2021-02-17-at-11.08.10-3.jpeg\" data-size=\"542x360\" \/><\/div>\n<div class=\"overlay bg-color1\"><\/div>\n<div class=\"swap-inner col-xs-12\">\n<div class=\"row full-height-row middle-xs middle-sm\">\n<div class=\"col-xs-12 text-center content-holder\"><\/div>\n<\/div>\n<\/div>\n<\/div>\n<\/div>\n<div class=\"col-xs-12 col-sm-3 no-gutter-col\">\n<div class=\"contentswap-effect\" data-hover-fx=\"portfolio-4\">\n<div class=\"initial-image\"><img src=\"http:\/\/vargaservi.dominiotemporario.com\/wp-content\/uploads\/2021\/02\/cropped-WhatsApp-Image-2021-02-17-at-11.08.23-2.jpeg\" data-size=\"542x360\" \/><\/div>\n<div class=\"overlay bg-color1\"><\/div>\n<div class=\"swap-inner col-xs-12\">\n<div class=\"row full-height-row middle-xs middle-sm\">\n<div class=\"col-xs-12 text-center content-holder\"><\/div>\n<\/div>\n<\/div>\n<\/div>\n<\/div>\n<div class=\"col-xs-12 col-sm-3 no-gutter-col\">\n<div class=\"contentswap-effect\" data-hover-fx=\"portfolio-4\">\n<div class=\"initial-image\"><img src=\"http:\/\/vargaservi.dominiotemporario.com\/wp-content\/uploads\/2021\/02\/cropped-WhatsApp-Image-2021-02-17-at-11.08.09-1.jpeg\" data-size=\"542x360\" \/><\/div>\n<div class=\"overlay bg-color1\"><\/div>\n<div class=\"swap-inner col-xs-12\">\n<div class=\"row full-height-row middle-xs middle-sm\">\n<div class=\"col-xs-12 text-center content-holder\"><\/div>\n<\/div>\n<\/div>\n<\/div>\n<\/div>\n<div class=\"col-xs-12 col-sm-3 no-gutter-col\">\n<div class=\"contentswap-effect\" data-hover-fx=\"portfolio-4\">\n<div class=\"initial-image\"><img src=\"http:\/\/vargaservi.dominiotemporario.com\/wp-content\/uploads\/2021\/02\/cropped-WhatsApp-Image-2021-02-17-at-11.08.21.jpeg\" data-size=\"542x360\" \/><\/div>\n<div class=\"overlay bg-color1\"><\/div>\n<div class=\"swap-inner col-xs-12\">\n<div class=\"row full-height-row middle-xs middle-sm\">\n<div class=\"col-xs-12 text-center content-holder\"><\/div>\n<\/div>\n<\/div>\n<\/div>\n<\/div>\n<div class=\"col-xs-12 col-sm-3 no-gutter-col\">\n<div class=\"contentswap-effect\" data-hover-fx=\"portfolio-4\">\n<div class=\"initial-image\"><img src=\"http:\/\/vargaservi.dominiotemporario.com\/wp-content\/uploads\/2021\/02\/cropped-WhatsApp-Image-2021-02-17-at-11.08.09.jpeg\" data-size=\"542x360\" \/><\/div>\n<div class=\"overlay bg-color1\"><\/div>\n<div class=\"swap-inner col-xs-12\">\n<div class=\"row full-height-row middle-xs middle-sm\">\n<div class=\"col-xs-12 text-center content-holder\"><\/div>\n<\/div>\n<\/div>\n<\/div>\n<\/div>\n<div class=\"col-xs-12 col-sm-3 no-gutter-col\">\n<div class=\"contentswap-effect\" data-hover-fx=\"portfolio-4\">\n<div class=\"initial-image\"><img src=\"http:\/\/vargaservi.dominiotemporario.com\/wp-content\/uploads\/2021\/02\/cropped-WhatsApp-Image-2021-02-17-at-11.08.24.jpeg\" data-size=\"542x360\" \/><\/div>\n<div class=\"overlay bg-color1\"><\/div>\n<div class=\"swap-inner col-xs-12\">\n<div class=\"row full-height-row middle-xs middle-sm\">\n<div class=\"col-xs-12 text-center content-holder\"><\/div>\n<\/div>\n<\/div>\n<\/div>\n<\/div>\n<\/div>\n<\/div>\n<\/div>\n<div id=\"cta-1\" class=\"cta-blue-section content-section content-section-spacing-medium bg-color1 white-text\" style=\"background-image: none; background-color: #ffffff;\" data-label=\"Cta\" data-id=\"cta-blue-section\" data-export-id=\"cta-blue-section\" data-category=\"cta\">\n<div class=\"gridContainer\">\n<div class=\"row middle-xs\">\n<div class=\"col-sm-8 space-bottom-xs\" data-type=\"column\"><\/div>\n<div class=\"col-sm-4 end-sm\" data-type=\"column\"><\/div>\n<\/div>\n<\/div>\n<\/div>\n<div id=\"contact-1\" class=\"contact-1 content-section content-section-spacing white-text\" data-label=\"Contact\" data-id=\"contact-1\" data-export-id=\"contact-1\" data-category=\"contact\" data-parallax-depth=\"20\">\n<div class=\"gridContainer\">\n<div class=\"row text-center\">\n<div class=\"section-title-col\" data-type=\"column\">\n<h2 class=\"\">Contato<\/h2>\n<p class=\"lead\">VARGA &amp; VARGA SERVI\u00c7OS E MANUTEN\u00c7\u00c3O LTDA.<\/p>\nRua Rodrigo Ribeiro de Melo, 39 Real Parque Campinas Cep.: 13082-780\n\nFone(019) 3249-1970 (019) 99680-0073 Ricardo (019) 99680-0074 Lima\n\n<\/div>\n<\/div>\n<div class=\"row text-center\">\n<div class=\"col-xs-12 col-sm-8 col-sm-offset-2 contact-form-wrapper inline-info\"><\/div>\n<\/div>\n<\/div>\n<\/div>","protected":false},"excerpt":{"rendered":"<p>A manuten\u00e7\u00e3o preventiva \u00e9 aquela realizada periodicamente, para corrigir falhas e prevenir problemas com seus equipamentos, antes que eles aconte\u00e7am. Quando ela n\u00e3o \u00e9 feita dentro do prazo, as chances de ocorrer uma manuten\u00e7\u00e3o corretiva aumenta, o que consequentemente, acaba gerando um custo maior e muitas vezes em um momento inoportuno! Quando alguma coisa deixa&hellip; <br \/> <a class=\"read-more\" href=\"http:\/\/vargaservicos.com.br\/\">Leia mais<\/a><\/p>\n","protected":false},"author":1,"featured_media":0,"parent":0,"menu_order":0,"comment_status":"closed","ping_status":"closed","template":"page-templates\/homepage.php","meta":[],"_links":{"self":[{"href":"http:\/\/vargaservicos.com.br\/index.php?rest_route=\/wp\/v2\/pages\/43"}],"collection":[{"href":"http:\/\/vargaservicos.com.br\/index.php?rest_route=\/wp\/v2\/pages"}],"about":[{"href":"http:\/\/vargaservicos.com.br\/index.php?rest_route=\/wp\/v2\/types\/page"}],"author":[{"embeddable":true,"href":"http:\/\/vargaservicos.com.br\/index.php?rest_route=\/wp\/v2\/users\/1"}],"replies":[{"embeddable":true,"href":"http:\/\/vargaservicos.com.br\/index.php?rest_route=%2Fwp%2Fv2%2Fcomments&post=43"}],"version-history":[{"count":6,"href":"http:\/\/vargaservicos.com.br\/index.php?rest_route=\/wp\/v2\/pages\/43\/revisions"}],"predecessor-version":[{"id":85,"href":"http:\/\/vargaservicos.com.br\/index.php?rest_route=\/wp\/v2\/pages\/43\/revisions\/85"}],"wp:attachment":[{"href":"http:\/\/vargaservicos.com.br\/index.php?rest_route=%2Fwp%2Fv2%2Fmedia&parent=43"}],"curies":[{"name":"wp","href":"https:\/\/api.w.org\/{rel}","templated":true}]}}