{"id":2,"date":"2016-05-10T03:48:21","date_gmt":"2016-05-10T03:48:21","guid":{"rendered":"http:\/\/vargaservicos.com.br\/?page_id=2"},"modified":"2021-02-17T23:20:24","modified_gmt":"2021-02-17T23:20:24","slug":"sample-page","status":"publish","type":"page","link":"http:\/\/vargaservicos.com.br\/?page_id=2","title":{"rendered":"Sobre n\u00f3s"},"content":{"rendered":"<p><img loading=\"lazy\" class=\"size-medium wp-image-6 aligncenter\" src=\"http:\/\/vargaservi.dominiotemporario.com\/wp-content\/uploads\/2021\/02\/logo-site-300x300.png\" alt=\"\" width=\"300\" height=\"300\" srcset=\"http:\/\/vargaservicos.com.br\/wp-content\/uploads\/2021\/02\/logo-site-300x300.png 300w, http:\/\/vargaservicos.com.br\/wp-content\/uploads\/2021\/02\/logo-site-150x150.png 150w, http:\/\/vargaservicos.com.br\/wp-content\/uploads\/2021\/02\/logo-site.png 512w\" sizes=\"(max-width: 300px) 100vw, 300px\" \/><\/p>\n<p><strong>Miss\u00e3o:<\/strong> Estar presente nos projetos de nossos clientes, propondo-lhes as melhores solu\u00e7\u00f5es na manuten\u00e7\u00e3o de m\u00e1quinas e equipamentos de forma \u00e1gil e segura, respeitando as normas e exig\u00eancias de seguran\u00e7a.<\/p>\n<p><strong>Vis\u00e3o:<\/strong> Ser refer\u00eancia no mercado como a melhor empresa de manuten\u00e7\u00e3o de equipamentos para constru\u00e7\u00e3o e terraplenagem, superando as necessidades e expectativas de nossos clientes e parceiros.<\/p>\n<p><strong>Valores:<\/strong> \u00c1gil e Transparente com comprometimento aos processos e no aprimoramento cont\u00ednuo, valorizando e respeitando o pr\u00f3ximo e o meio ambiente.<\/p>\n","protected":false},"excerpt":{"rendered":"<p>Miss\u00e3o: Estar presente nos projetos de nossos clientes, propondo-lhes as melhores solu\u00e7\u00f5es na manuten\u00e7\u00e3o de m\u00e1quinas e equipamentos de forma \u00e1gil e segura, respeitando as normas e exig\u00eancias de seguran\u00e7a. Vis\u00e3o: Ser refer\u00eancia no mercado como a melhor empresa de manuten\u00e7\u00e3o de equipamentos para constru\u00e7\u00e3o e terraplenagem, superando as necessidades e expectativas de nossos clientes&hellip; <br \/> <a class=\"read-more\" href=\"http:\/\/vargaservicos.com.br\/?page_id=2\">Leia mais<\/a><\/p>\n","protected":false},"author":1,"featured_media":6,"parent":0,"menu_order":0,"comment_status":"closed","ping_status":"open","template":"","meta":[],"_links":{"self":[{"href":"http:\/\/vargaservicos.com.br\/index.php?rest_route=\/wp\/v2\/pages\/2"}],"collection":[{"href":"http:\/\/vargaservicos.com.br\/index.php?rest_route=\/wp\/v2\/pages"}],"about":[{"href":"http:\/\/vargaservicos.com.br\/index.php?rest_route=\/wp\/v2\/types\/page"}],"author":[{"embeddable":true,"href":"http:\/\/vargaservicos.com.br\/index.php?rest_route=\/wp\/v2\/users\/1"}],"replies":[{"embeddable":true,"href":"http:\/\/vargaservicos.com.br\/index.php?rest_route=%2Fwp%2Fv2%2Fcomments&post=2"}],"version-history":[{"count":4,"href":"http:\/\/vargaservicos.com.br\/index.php?rest_route=\/wp\/v2\/pages\/2\/revisions"}],"predecessor-version":[{"id":78,"href":"http:\/\/vargaservicos.com.br\/index.php?rest_route=\/wp\/v2\/pages\/2\/revisions\/78"}],"wp:featuredmedia":[{"embeddable":true,"href":"http:\/\/vargaservicos.com.br\/index.php?rest_route=\/wp\/v2\/media\/6"}],"wp:attachment":[{"href":"http:\/\/vargaservicos.com.br\/index.php?rest_route=%2Fwp%2Fv2%2Fmedia&parent=2"}],"curies":[{"name":"wp","href":"https:\/\/api.w.org\/{rel}","templated":true}]}}